{"id":1298,"date":"2025-08-06T19:56:03","date_gmt":"2025-08-06T23:56:03","guid":{"rendered":"https:\/\/gbsgranby.ca\/comparativa-completa-de-fabricantes-por-pais\/"},"modified":"2025-08-11T09:36:14","modified_gmt":"2025-08-11T13:36:14","slug":"comparativo-fabricantes-rodamientos-por-pais","status":"publish","type":"page","link":"https:\/\/gbsgranby.ca\/es\/comparativo-fabricantes-rodamientos-por-pais\/","title":{"rendered":"Comparativa completa de fabricantes por pa\u00eds"},"content":{"rendered":"<section class=\"l-section wpb_row height_huge width_custom color_secondary with_img\" style=\"--site-content-width:950px;\"><div class=\"l-section-img\" role=\"img\" aria-label=\"Imagen\" data-img-width=\"1920\" data-img-height=\"1080\" style=\"background-image: url(https:\/\/gbsgranby.ca\/wp-content\/uploads\/thumb.jpg);\"><\/div><div class=\"l-section-overlay\" style=\"background:rgba(0,0,0,0.55)\"><\/div><div class=\"l-section-h i-cf\"><div class=\"g-cols vc_row via_grid cols_1 laptops-cols_inherit tablets-cols_inherit mobiles-cols_1 valign_top type_default stacking_default\"><div class=\"wpb_column vc_column_container\"><div class=\"vc_column-inner\"><h1 class=\"w-text us_custom_b4851f87 us_animate_this\"><span class=\"w-text-h\"><span class=\"w-text-value\">Descripci\u00f3n de productos<\/span><\/span><\/h1><\/div><\/div><\/div><\/div><\/section><section class=\"l-section wpb_row height_medium\"><div class=\"l-section-h i-cf\"><div class=\"g-cols vc_row via_grid cols_1 laptops-cols_inherit tablets-cols_inherit mobiles-cols_1 valign_top type_default stacking_default\"><div class=\"wpb_column vc_column_container\"><div class=\"vc_column-inner\">[vc_raw_html]W3RhYmxlX2xhbmcgZnI9IjEiIGVzPSIyIiBlbj0iMyJd[\/vc_raw_html]<\/div><\/div><\/div><\/div><\/section>\n","protected":false},"excerpt":{"rendered":"Descripci\u00f3n de productos[vc_raw_html]W3RhYmxlX2xhbmcgZnI9IjEiIGVzPSIyIiBlbj0iMyJd[\/vc_raw_html]","protected":false},"author":1,"featured_media":0,"parent":0,"menu_order":0,"comment_status":"closed","ping_status":"closed","template":"","meta":{"footnotes":""},"class_list":["post-1298","page","type-page","status-publish","hentry"],"yoast_head":"<!-- This site is optimized with the Yoast SEO plugin v26.7 - https:\/\/yoast.com\/wordpress\/plugins\/seo\/ -->\n<title>Comparativa completa de fabricantes por pa\u00eds - Roulement Granby Industriel Inc.<\/title>\n<meta name=\"description\" content=\"Comparaci\u00f3n completa de fabricantes de rodamientos industriales y agr\u00edcolas, incluidos SKF, FAG, NSK, NTN, Timken y otros.\" \/>\n<meta name=\"robots\" content=\"noindex, follow\" \/>\n<meta property=\"og:locale\" content=\"es_ES\" \/>\n<meta property=\"og:type\" content=\"article\" \/>\n<meta property=\"og:title\" content=\"Comparativa completa de fabricantes por pa\u00eds - Roulement Granby Industriel Inc.\" \/>\n<meta property=\"og:description\" content=\"Comparaci\u00f3n completa de fabricantes de rodamientos industriales y agr\u00edcolas, incluidos SKF, FAG, NSK, NTN, Timken y otros.\" \/>\n<meta property=\"og:url\" content=\"https:\/\/gbsgranby.ca\/es\/comparativo-fabricantes-rodamientos-por-pais\/\" \/>\n<meta property=\"og:site_name\" content=\"Roulement Granby Industriel Inc.\" \/>\n<meta property=\"article:modified_time\" content=\"2025-08-11T13:36:14+00:00\" \/>\n<meta property=\"og:image\" content=\"https:\/\/gbsgranby.ca\/wp-content\/uploads\/thumb.jpg\" \/>\n\t<meta property=\"og:image:width\" content=\"1920\" \/>\n\t<meta property=\"og:image:height\" content=\"1080\" \/>\n\t<meta property=\"og:image:type\" content=\"image\/jpeg\" \/>\n<script type=\"application\/ld+json\" class=\"yoast-schema-graph\">{\"@context\":\"https:\/\/schema.org\",\"@graph\":[{\"@type\":\"WebPage\",\"@id\":\"https:\/\/gbsgranby.ca\/es\/comparativo-fabricantes-rodamientos-por-pais\/\",\"url\":\"https:\/\/gbsgranby.ca\/es\/comparativo-fabricantes-rodamientos-por-pais\/\",\"name\":\"Comparativa completa de fabricantes por pa\u00eds - Roulement Granby Industriel Inc.\",\"isPartOf\":{\"@id\":\"https:\/\/gbsgranby.ca\/es\/#website\"},\"datePublished\":\"2025-08-06T23:56:03+00:00\",\"dateModified\":\"2025-08-11T13:36:14+00:00\",\"description\":\"Comparaci\u00f3n completa de fabricantes de rodamientos industriales y agr\u00edcolas, incluidos SKF, FAG, NSK, NTN, Timken y otros.\",\"breadcrumb\":{\"@id\":\"https:\/\/gbsgranby.ca\/es\/comparativo-fabricantes-rodamientos-por-pais\/#breadcrumb\"},\"inLanguage\":\"es\",\"potentialAction\":[{\"@type\":\"ReadAction\",\"target\":[\"https:\/\/gbsgranby.ca\/es\/comparativo-fabricantes-rodamientos-por-pais\/\"]}]},{\"@type\":\"BreadcrumbList\",\"@id\":\"https:\/\/gbsgranby.ca\/es\/comparativo-fabricantes-rodamientos-por-pais\/#breadcrumb\",\"itemListElement\":[{\"@type\":\"ListItem\",\"position\":1,\"name\":\"Accueil\",\"item\":\"https:\/\/gbsgranby.ca\/es\/accueil\/\"},{\"@type\":\"ListItem\",\"position\":2,\"name\":\"Comparativa completa de fabricantes por pa\u00eds\"}]},{\"@type\":\"WebSite\",\"@id\":\"https:\/\/gbsgranby.ca\/es\/#website\",\"url\":\"https:\/\/gbsgranby.ca\/es\/\",\"name\":\"Roulement Granby Industriel Inc.\",\"description\":\"Votre sp\u00e9cialiste en roulements\",\"publisher\":{\"@id\":\"https:\/\/gbsgranby.ca\/es\/#organization\"},\"potentialAction\":[{\"@type\":\"SearchAction\",\"target\":{\"@type\":\"EntryPoint\",\"urlTemplate\":\"https:\/\/gbsgranby.ca\/es\/?s={search_term_string}\"},\"query-input\":{\"@type\":\"PropertyValueSpecification\",\"valueRequired\":true,\"valueName\":\"search_term_string\"}}],\"inLanguage\":\"es\"},{\"@type\":\"Organization\",\"@id\":\"https:\/\/gbsgranby.ca\/es\/#organization\",\"name\":\"Roulement Granby Industriel Inc.\",\"url\":\"https:\/\/gbsgranby.ca\/es\/\",\"logo\":{\"@type\":\"ImageObject\",\"inLanguage\":\"es\",\"@id\":\"https:\/\/gbsgranby.ca\/es\/#\/schema\/logo\/image\/\",\"url\":\"https:\/\/gbsgranby.ca\/wp-content\/uploads\/logo-gbs-1946-noir.svg\",\"contentUrl\":\"https:\/\/gbsgranby.ca\/wp-content\/uploads\/logo-gbs-1946-noir.svg\",\"caption\":\"Roulement Granby Industriel Inc.\"},\"image\":{\"@id\":\"https:\/\/gbsgranby.ca\/es\/#\/schema\/logo\/image\/\"}}]}<\/script>\n<!-- \/ Yoast SEO plugin. -->","yoast_head_json":{"title":"Comparativa completa de fabricantes por pa\u00eds - Roulement Granby Industriel Inc.","description":"Comparaci\u00f3n completa de fabricantes de rodamientos industriales y agr\u00edcolas, incluidos SKF, FAG, NSK, NTN, Timken y otros.","robots":{"index":"noindex","follow":"follow"},"og_locale":"es_ES","og_type":"article","og_title":"Comparativa completa de fabricantes por pa\u00eds - Roulement Granby Industriel Inc.","og_description":"Comparaci\u00f3n completa de fabricantes de rodamientos industriales y agr\u00edcolas, incluidos SKF, FAG, NSK, NTN, Timken y otros.","og_url":"https:\/\/gbsgranby.ca\/es\/comparativo-fabricantes-rodamientos-por-pais\/","og_site_name":"Roulement Granby Industriel Inc.","article_modified_time":"2025-08-11T13:36:14+00:00","og_image":[{"width":1920,"height":1080,"url":"https:\/\/gbsgranby.ca\/wp-content\/uploads\/thumb.jpg","type":"image\/jpeg"}],"schema":{"@context":"https:\/\/schema.org","@graph":[{"@type":"WebPage","@id":"https:\/\/gbsgranby.ca\/es\/comparativo-fabricantes-rodamientos-por-pais\/","url":"https:\/\/gbsgranby.ca\/es\/comparativo-fabricantes-rodamientos-por-pais\/","name":"Comparativa completa de fabricantes por pa\u00eds - Roulement Granby Industriel Inc.","isPartOf":{"@id":"https:\/\/gbsgranby.ca\/es\/#website"},"datePublished":"2025-08-06T23:56:03+00:00","dateModified":"2025-08-11T13:36:14+00:00","description":"Comparaci\u00f3n completa de fabricantes de rodamientos industriales y agr\u00edcolas, incluidos SKF, FAG, NSK, NTN, Timken y otros.","breadcrumb":{"@id":"https:\/\/gbsgranby.ca\/es\/comparativo-fabricantes-rodamientos-por-pais\/#breadcrumb"},"inLanguage":"es","potentialAction":[{"@type":"ReadAction","target":["https:\/\/gbsgranby.ca\/es\/comparativo-fabricantes-rodamientos-por-pais\/"]}]},{"@type":"BreadcrumbList","@id":"https:\/\/gbsgranby.ca\/es\/comparativo-fabricantes-rodamientos-por-pais\/#breadcrumb","itemListElement":[{"@type":"ListItem","position":1,"name":"Accueil","item":"https:\/\/gbsgranby.ca\/es\/accueil\/"},{"@type":"ListItem","position":2,"name":"Comparativa completa de fabricantes por pa\u00eds"}]},{"@type":"WebSite","@id":"https:\/\/gbsgranby.ca\/es\/#website","url":"https:\/\/gbsgranby.ca\/es\/","name":"Roulement Granby Industriel Inc.","description":"Votre sp\u00e9cialiste en roulements","publisher":{"@id":"https:\/\/gbsgranby.ca\/es\/#organization"},"potentialAction":[{"@type":"SearchAction","target":{"@type":"EntryPoint","urlTemplate":"https:\/\/gbsgranby.ca\/es\/?s={search_term_string}"},"query-input":{"@type":"PropertyValueSpecification","valueRequired":true,"valueName":"search_term_string"}}],"inLanguage":"es"},{"@type":"Organization","@id":"https:\/\/gbsgranby.ca\/es\/#organization","name":"Roulement Granby Industriel Inc.","url":"https:\/\/gbsgranby.ca\/es\/","logo":{"@type":"ImageObject","inLanguage":"es","@id":"https:\/\/gbsgranby.ca\/es\/#\/schema\/logo\/image\/","url":"https:\/\/gbsgranby.ca\/wp-content\/uploads\/logo-gbs-1946-noir.svg","contentUrl":"https:\/\/gbsgranby.ca\/wp-content\/uploads\/logo-gbs-1946-noir.svg","caption":"Roulement Granby Industriel Inc."},"image":{"@id":"https:\/\/gbsgranby.ca\/es\/#\/schema\/logo\/image\/"}}]}},"_links":{"self":[{"href":"https:\/\/gbsgranby.ca\/es\/wp-json\/wp\/v2\/pages\/1298","targetHints":{"allow":["GET"]}}],"collection":[{"href":"https:\/\/gbsgranby.ca\/es\/wp-json\/wp\/v2\/pages"}],"about":[{"href":"https:\/\/gbsgranby.ca\/es\/wp-json\/wp\/v2\/types\/page"}],"author":[{"embeddable":true,"href":"https:\/\/gbsgranby.ca\/es\/wp-json\/wp\/v2\/users\/1"}],"replies":[{"embeddable":true,"href":"https:\/\/gbsgranby.ca\/es\/wp-json\/wp\/v2\/comments?post=1298"}],"version-history":[{"count":1,"href":"https:\/\/gbsgranby.ca\/es\/wp-json\/wp\/v2\/pages\/1298\/revisions"}],"predecessor-version":[{"id":1299,"href":"https:\/\/gbsgranby.ca\/es\/wp-json\/wp\/v2\/pages\/1298\/revisions\/1299"}],"wp:attachment":[{"href":"https:\/\/gbsgranby.ca\/es\/wp-json\/wp\/v2\/media?parent=1298"}],"curies":[{"name":"wp","href":"https:\/\/api.w.org\/{rel}","templated":true}]}}